{"id":45,"date":"2025-01-21T15:00:07","date_gmt":"2025-01-21T14:00:07","guid":{"rendered":"https:\/\/www.cyberalps.fr\/?page_id=45"},"modified":"2025-01-21T15:00:07","modified_gmt":"2025-01-21T14:00:07","slug":"nos-services","status":"publish","type":"page","link":"https:\/\/www.cyberalps.fr\/index.php\/nos-services\/","title":{"rendered":"Nos Services"},"content":{"rendered":"\n<p>Notre proposition s\u2019articule autour de 4 grands axes:<\/p>\n\n\n\n<ul class=\"wp-block-list\">\n<li>Auditer votre syst\u00e8me d\u2019information<\/li>\n\n\n\n<li>D\u00e9finir une strat\u00e9gie de s\u00e9curisation<\/li>\n\n\n\n<li>Accompagner vos projets de mise en conformit\u00e9<\/li>\n\n\n\n<li>Sensibiliser et former vos salari\u00e9s<\/li>\n<\/ul>\n","protected":false},"excerpt":{"rendered":"<p>Notre proposition s\u2019articule autour de 4 grands axes:<\/p>\n","protected":false},"author":1,"featured_media":0,"parent":0,"menu_order":0,"comment_status":"closed","ping_status":"closed","template":"","meta":{"footnotes":""},"class_list":["post-45","page","type-page","status-publish","hentry"],"_links":{"self":[{"href":"https:\/\/www.cyberalps.fr\/index.php\/wp-json\/wp\/v2\/pages\/45","targetHints":{"allow":["GET"]}}],"collection":[{"href":"https:\/\/www.cyberalps.fr\/index.php\/wp-json\/wp\/v2\/pages"}],"about":[{"href":"https:\/\/www.cyberalps.fr\/index.php\/wp-json\/wp\/v2\/types\/page"}],"author":[{"embeddable":true,"href":"https:\/\/www.cyberalps.fr\/index.php\/wp-json\/wp\/v2\/users\/1"}],"replies":[{"embeddable":true,"href":"https:\/\/www.cyberalps.fr\/index.php\/wp-json\/wp\/v2\/comments?post=45"}],"version-history":[{"count":1,"href":"https:\/\/www.cyberalps.fr\/index.php\/wp-json\/wp\/v2\/pages\/45\/revisions"}],"predecessor-version":[{"id":46,"href":"https:\/\/www.cyberalps.fr\/index.php\/wp-json\/wp\/v2\/pages\/45\/revisions\/46"}],"wp:attachment":[{"href":"https:\/\/www.cyberalps.fr\/index.php\/wp-json\/wp\/v2\/media?parent=45"}],"curies":[{"name":"wp","href":"https:\/\/api.w.org\/{rel}","templated":true}]}}