{"id":2,"date":"2025-01-20T15:45:26","date_gmt":"2025-01-20T14:45:26","guid":{"rendered":"http:\/\/www.cyberalps.fr\/?page_id=2"},"modified":"2025-01-21T15:02:21","modified_gmt":"2025-01-21T14:02:21","slug":"accueil","status":"publish","type":"page","link":"https:\/\/www.cyberalps.fr\/","title":{"rendered":"Cyber&rsquo;Alps"},"content":{"rendered":"\n<p><\/p>\n\n\n\n<p><\/p>\n\n\n\n<h1 class=\"wp-block-heading has-text-align-center\"><strong>Une boutique de Cybers\u00e9curit\u00e9 sur-mesure pour les PME\/TPE de l&rsquo;arc alpin<\/strong><\/h1>\n\n\n\n<p><\/p>\n\n\n\n<figure class=\"wp-block-image size-full is-resized\"><img loading=\"lazy\" decoding=\"async\" width=\"500\" height=\"500\" src=\"http:\/\/www.cyberalps.fr\/wp-content\/uploads\/2025\/01\/Logo-CyberAlps.png\" alt=\"\" class=\"wp-image-19\" style=\"width:840px;height:auto\" srcset=\"https:\/\/www.cyberalps.fr\/wp-content\/uploads\/2025\/01\/Logo-CyberAlps.png 500w, https:\/\/www.cyberalps.fr\/wp-content\/uploads\/2025\/01\/Logo-CyberAlps-300x300.png 300w, https:\/\/www.cyberalps.fr\/wp-content\/uploads\/2025\/01\/Logo-CyberAlps-150x150.png 150w, https:\/\/www.cyberalps.fr\/wp-content\/uploads\/2025\/01\/Logo-CyberAlps-370x370.png 370w, https:\/\/www.cyberalps.fr\/wp-content\/uploads\/2025\/01\/Logo-CyberAlps-210x210.png 210w\" sizes=\"auto, (max-width: 500px) 100vw, 500px\" \/><\/figure>\n\n\n\n<p><\/p>\n\n\n\n<h1 class=\"wp-block-heading has-text-align-center\">Accompagner les dirigeants dans leur strat\u00e9gie de cybers\u00e9curit\u00e9 pour mieux se pr\u00e9parer \u00e0 affronter les potentielles attaques.<\/h1>\n\n\n\n<p><\/p>\n\n\n\n<div class=\"wp-block-group\"><div class=\"wp-block-group__inner-container is-layout-constrained wp-block-group-is-layout-constrained\">\n<div class=\"wp-block-group\"><div class=\"wp-block-group__inner-container is-layout-constrained wp-block-group-is-layout-constrained\"><\/div><\/div>\n<\/div><\/div>\n","protected":false},"excerpt":{"rendered":"<p>Une boutique de Cybers\u00e9curit\u00e9 sur-mesure pour les PME\/TPE de l&rsquo;arc alpin Accompagner les dirigeants dans leur strat\u00e9gie de cybers\u00e9curit\u00e9 pour mieux se pr\u00e9parer \u00e0 affronter les potentielles attaques.<\/p>\n","protected":false},"author":1,"featured_media":0,"parent":0,"menu_order":0,"comment_status":"closed","ping_status":"closed","template":"","meta":{"footnotes":""},"class_list":["post-2","page","type-page","status-publish","hentry"],"_links":{"self":[{"href":"https:\/\/www.cyberalps.fr\/index.php\/wp-json\/wp\/v2\/pages\/2","targetHints":{"allow":["GET"]}}],"collection":[{"href":"https:\/\/www.cyberalps.fr\/index.php\/wp-json\/wp\/v2\/pages"}],"about":[{"href":"https:\/\/www.cyberalps.fr\/index.php\/wp-json\/wp\/v2\/types\/page"}],"author":[{"embeddable":true,"href":"https:\/\/www.cyberalps.fr\/index.php\/wp-json\/wp\/v2\/users\/1"}],"replies":[{"embeddable":true,"href":"https:\/\/www.cyberalps.fr\/index.php\/wp-json\/wp\/v2\/comments?post=2"}],"version-history":[{"count":5,"href":"https:\/\/www.cyberalps.fr\/index.php\/wp-json\/wp\/v2\/pages\/2\/revisions"}],"predecessor-version":[{"id":48,"href":"https:\/\/www.cyberalps.fr\/index.php\/wp-json\/wp\/v2\/pages\/2\/revisions\/48"}],"wp:attachment":[{"href":"https:\/\/www.cyberalps.fr\/index.php\/wp-json\/wp\/v2\/media?parent=2"}],"curies":[{"name":"wp","href":"https:\/\/api.w.org\/{rel}","templated":true}]}}